{"id":950,"date":"2024-03-06T10:17:45","date_gmt":"2024-03-06T15:17:45","guid":{"rendered":"https:\/\/www.englishschool.edu.co\/TESMUN\/?page_id=950"},"modified":"2024-03-07T08:48:21","modified_gmt":"2024-03-07T13:48:21","slug":"bootcamp","status":"publish","type":"page","link":"https:\/\/www.englishschool.edu.co\/TESMUN\/bootcamp\/","title":{"rendered":"Bootcamp"},"content":{"rendered":"<p>[et_pb_section fb_built=&#8221;1&#8243; admin_label=&#8221;About&#8221; _builder_version=&#8221;4.24.2&#8243; background_color=&#8221;#E02B20&#8243; custom_margin=&#8221;0px||0px||false|false&#8221; custom_padding=&#8221;50px|0px|50px|0px|true|false&#8221; locked=&#8221;off&#8221; global_colors_info=&#8221;{}&#8221;][et_pb_row _builder_version=&#8221;4.16&#8243; _module_preset=&#8221;default&#8221; custom_margin=&#8221;0px||0px||false|false&#8221; custom_padding=&#8221;0px||0px||false|false&#8221; global_colors_info=&#8221;{}&#8221;][et_pb_column type=&#8221;4_4&#8243; _builder_version=&#8221;4.16&#8243; _module_preset=&#8221;default&#8221; global_colors_info=&#8221;{}&#8221;][et_pb_text _builder_version=&#8221;4.24.2&#8243; header_font=&#8221;|600|||||||&#8221; header_text_color=&#8221;#FFFFFF&#8221; header_font_size=&#8221;50px&#8221; header_line_height=&#8221;1.2em&#8221; header_2_font=&#8221;||||||||&#8221; custom_margin_tablet=&#8221;||10px&#8221; custom_margin_phone=&#8221;&#8221; custom_margin_last_edited=&#8221;on|desktop&#8221; header_font_size_tablet=&#8221;48px&#8221; header_font_size_phone=&#8221;32px&#8221; header_font_size_last_edited=&#8221;on|desktop&#8221; locked=&#8221;off&#8221; global_colors_info=&#8221;{}&#8221;]<\/p>\n<h1>Comit\u00e9 Bootcamp &#8211; Bootcamp Committee<\/h1>\n<p>[\/et_pb_text][\/et_pb_column][\/et_pb_row][\/et_pb_section][et_pb_section fb_built=&#8221;1&#8243; next_background_color=&#8221;#FFFFFF&#8221; _builder_version=&#8221;4.24.2&#8243; _module_preset=&#8221;default&#8221; background_color=&#8221;#171f9b&#8221; custom_padding=&#8221;||121px|||&#8221; bottom_divider_style=&#8221;asymmetric4&#8243; locked=&#8221;off&#8221; global_colors_info=&#8221;{}&#8221;][et_pb_row column_structure=&#8221;2_3,1_3&#8243; _builder_version=&#8221;4.16&#8243; _module_preset=&#8221;default&#8221; background_color=&#8221;RGBA(255,255,255,0)&#8221; global_colors_info=&#8221;{}&#8221;][et_pb_column type=&#8221;2_3&#8243; _builder_version=&#8221;4.16&#8243; _module_preset=&#8221;default&#8221; background_color=&#8221;RGBA(255,255,255,0)&#8221; background_enable_image=&#8221;off&#8221; global_colors_info=&#8221;{}&#8221;][et_pb_text _builder_version=&#8221;4.24.2&#8243; _module_preset=&#8221;default&#8221; text_font=&#8221;|700||on|||||&#8221; text_text_color=&#8221;#FFFFFF&#8221; text_font_size=&#8221;30px&#8221; border_width_all=&#8221;1px&#8221; border_color_all=&#8221;RGBA(255,255,255,0)&#8221; border_style_all=&#8221;inset&#8221; locked=&#8221;off&#8221; global_colors_info=&#8221;{}&#8221;]<\/p>\n<p><span data-sheets-formula-bar-text-style=\"font-size:13px;color:#000000;font-weight:bold;text-decoration:none;font-family:'Arial';font-style:normal;text-decoration-skip-ink:none;\">FIFA 1<br \/><\/span><\/p>\n<p>[\/et_pb_text][et_pb_image src=&#8221;https:\/\/www.englishschool.edu.co\/TESMUN\/wp-content\/uploads\/2024\/03\/FIFA.png&#8221; title_text=&#8221;FIFA&#8221; _builder_version=&#8221;4.24.2&#8243; _module_preset=&#8221;default&#8221; hover_enabled=&#8221;0&#8243; global_colors_info=&#8221;{}&#8221; sticky_enabled=&#8221;0&#8243;][\/et_pb_image][\/et_pb_column][et_pb_column type=&#8221;1_3&#8243; _builder_version=&#8221;4.16&#8243; _module_preset=&#8221;default&#8221; background_color=&#8221;RGBA(255,255,255,0)&#8221; border_width_left=&#8221;2px&#8221; border_color_left=&#8221;#FFFFFF&#8221; global_colors_info=&#8221;{}&#8221;][et_pb_text _builder_version=&#8221;4.20.2&#8243; _module_preset=&#8221;default&#8221; text_font=&#8221;ABeeZee|800||||on|||&#8221; text_font_size=&#8221;16px&#8221; background_color=&#8221;RGBA(255,255,255,0)&#8221; background_image=&#8221;https:\/\/www.englishschool.edu.co\/TESMUN\/wp-content\/uploads\/2022\/03\/semicirculo03.png&#8221; border_color_all=&#8221;RGBA(255,255,255,0)&#8221; border_style_right=&#8221;ridge&#8221; global_colors_info=&#8221;{}&#8221;]<\/p>\n<h1 style=\"text-align: center;\"><span style=\"color: #000080;\"><\/span><\/h1>\n<h1 style=\"text-align: center;\"><span style=\"color: #000080;\"><\/span><\/h1>\n<h1 style=\"text-align: center;\"><span style=\"color: #000080;\">BOOTCAMP<\/span><\/h1>\n<p><span style=\"color: #000080;\"><\/span><\/p>\n<p><span style=\"color: #000080;\"><\/span><\/p>\n<p><span style=\"color: #000080;\"><\/span><\/p>\n<p><span style=\"color: #000080;\"><\/span><\/p>\n<p>[\/et_pb_text][et_pb_text _builder_version=&#8221;4.20.2&#8243; _module_preset=&#8221;default&#8221; text_font=&#8221;ABeeZee|700||on|||||&#8221; text_text_color=&#8221;#000000&#8243; text_font_size=&#8221;21px&#8221; background_color=&#8221;#FFFFFF&#8221; text_orientation=&#8221;center&#8221; custom_margin=&#8221;|20px||20px|false|false&#8221; custom_padding=&#8221;6px|20px|6px|2px|false|false&#8221; border_radii=&#8221;on|11px|11px|11px|11px&#8221; global_colors_info=&#8221;{}&#8221;]<\/p>\n<p><strong>Espa\u00f1ol<\/strong><\/p>\n<p>[\/et_pb_text][et_pb_text _builder_version=&#8221;4.24.2&#8243; _module_preset=&#8221;default&#8221; text_font=&#8221;ABeeZee|800|||||||&#8221; text_font_size=&#8221;16px&#8221; background_color=&#8221;RGBA(255,255,255,0)&#8221; custom_margin=&#8221;|10px||10px|false|false&#8221; custom_padding=&#8221;8px|10px||10px|false|false&#8221; inline_fonts=&#8221;ABeeZee&#8221; global_colors_info=&#8221;{}&#8221;]<\/p>\n<h3 style=\"text-align: center;\"><span style=\"color: #ffffff; font-family: ABeeZee;\"><strong>Tema A<\/strong><\/span><\/h3>\n<p style=\"text-align: center;\"><span style=\"color: #dbdbdb; font-family: ABeeZee;\"><strong><span style=\"font-size: 13px; font-weight: normal; text-decoration: none; font-style: normal; text-decoration-skip-ink: none;\">El Uso de esteroides en el f\u00fatbol<br \/>\n<\/span><\/strong><\/span><\/p>\n<h3 style=\"text-align: center;\"><span style=\"color: #ffffff;\"><strong>Tema B<\/strong><\/span><\/h3>\n<p style=\"text-align: center;\"><span style=\"color: #ffffff;\"><strong><span style=\"color: #dbdbdb; font-family: ABeeZee;\"><span style=\"font-size: 13px; font-weight: normal; text-decoration: none; font-style: normal; text-decoration-skip-ink: none;\"><span data-sheets-formula-bar-text-style=\"font-size:13px;color:#000000;font-weight:normal;text-decoration:none;font-family:'Arial';font-style:normal;text-decoration-skip-ink:none;\"><\/span>La Creaci\u00f3n de una Super Liga Europea<br \/>\n<\/span><\/span><\/strong><\/span><\/p>\n<p>[\/et_pb_text][\/et_pb_column][\/et_pb_row][et_pb_row column_structure=&#8221;1_3,1_3,1_3&#8243; _builder_version=&#8221;4.16&#8243; _module_preset=&#8221;default&#8221; border_width_top=&#8221;1px&#8221; border_color_top=&#8221;#FFFFFF&#8221; global_colors_info=&#8221;{}&#8221;][et_pb_column type=&#8221;1_3&#8243; _builder_version=&#8221;4.16&#8243; _module_preset=&#8221;default&#8221; global_colors_info=&#8221;{}&#8221;][et_pb_blurb title=&#8221;AUTORES GU\u00cdA&#8221; use_icon=&#8221;on&#8221; font_icon=&#8221;&#xe0b8;||divi||400&#8243; icon_color=&#8221;#FFFFFF&#8221; icon_placement=&#8221;left&#8221; image_icon_width=&#8221;47px&#8221; _builder_version=&#8221;4.16&#8243; header_font=&#8221;ABeeZee|500|||||||&#8221; header_text_color=&#8221;#FFFFFF&#8221; header_font_size=&#8221;18px&#8221; header_line_height=&#8221;1.7em&#8221; body_font=&#8221;ABeeZee|||||on|||&#8221; body_text_color=&#8221;#FFFFFF&#8221; body_font_size=&#8221;18px&#8221; body_line_height=&#8221;2em&#8221; custom_margin=&#8221;||18px|||&#8221; custom_padding=&#8221;14px|10px|0px|10px|false|true&#8221; animation_style=&#8221;zoom&#8221; animation_intensity_zoom=&#8221;10%&#8221; border_radii=&#8221;on|5px|5px|5px|5px&#8221; border_color_all=&#8221;#FFFFFF&#8221; border_width_top=&#8221;10px&#8221; icon_font_size=&#8221;47px&#8221; locked=&#8221;off&#8221; global_colors_info=&#8221;{}&#8221;][\/et_pb_blurb][et_pb_text _builder_version=&#8221;4.24.2&#8243; _module_preset=&#8221;default&#8221; text_font=&#8221;|||||on|||&#8221; text_font_size=&#8221;18px&#8221; custom_margin=&#8221;|||64px|false|false&#8221; global_colors_info=&#8221;{}&#8221;]<span style=\"color: #ffffff;\">Juan Pablo Soto e Isabela Ramos<\/span>[\/et_pb_text][et_pb_blurb use_icon=&#8221;on&#8221; font_icon=&#8221;&#x3f;||divi||400&#8243; icon_color=&#8221;#FFFFFF&#8221; icon_placement=&#8221;left&#8221; image_icon_width=&#8221;47px&#8221; _builder_version=&#8221;4.24.2&#8243; header_font=&#8221;ABeeZee|500|||||||&#8221; header_text_color=&#8221;#FFFFFF&#8221; header_font_size=&#8221;18px&#8221; header_line_height=&#8221;1.7em&#8221; body_font=&#8221;ABeeZee|||||on|||&#8221; body_text_color=&#8221;#FFFFFF&#8221; body_font_size=&#8221;18px&#8221; body_line_height=&#8221;2em&#8221; custom_margin=&#8221;|||&#8221; custom_padding=&#8221;14px|10px|0px|10px|false|true&#8221; animation_style=&#8221;zoom&#8221; animation_intensity_zoom=&#8221;10%&#8221; border_radii=&#8221;on|5px|5px|5px|5px&#8221; border_color_all=&#8221;#FFFFFF&#8221; border_width_top=&#8221;10px&#8221; icon_font_size=&#8221;47px&#8221; locked=&#8221;off&#8221; global_colors_info=&#8221;{}&#8221;]<\/p>\n<p style=\"text-align: left; line-height:1em; margin-top:8px;\">DESCARGAR<br \/>\n<span style=\"font-size:16px;\">DOWNLOAD<\/span><\/p>\n<p>[\/et_pb_blurb][et_pb_image src=&#8221;https:\/\/www.englishschool.edu.co\/TESMUN\/wp-content\/uploads\/2021\/02\/guia2.png&#8221; title_text=&#8221;guia2&#8243; url=&#8221;https:\/\/www.englishschool.edu.co\/TESMUN\/wp-content\/uploads\/2024\/03\/FIFA.pdf&#8221; url_new_window=&#8221;on&#8221; align=&#8221;center&#8221; _builder_version=&#8221;4.24.2&#8243; _module_preset=&#8221;default&#8221; custom_margin=&#8221;0px||6px||false|false&#8221; global_colors_info=&#8221;{}&#8221;][\/et_pb_image][\/et_pb_column][et_pb_column type=&#8221;1_3&#8243; _builder_version=&#8221;4.16&#8243; _module_preset=&#8221;default&#8221; global_colors_info=&#8221;{}&#8221;][et_pb_team_member name=&#8221;Jos\u00e9 Miguel Torres&#8221; position=&#8221;Presidente I &#8211; The English School&#8221; image_url=&#8221;https:\/\/www.englishschool.edu.co\/TESMUN\/wp-content\/uploads\/2024\/03\/fotos-tesmun-xx_0038_JOSE-MIGUEL-TORRES-min.jpg&#8221; _builder_version=&#8221;4.24.2&#8243; _module_preset=&#8221;default&#8221; header_font=&#8221;|||||on|||&#8221; header_text_align=&#8221;center&#8221; header_text_color=&#8221;#FFFFFF&#8221; header_font_size=&#8221;21px&#8221; position_font=&#8221;|||||on|||&#8221; position_text_align=&#8221;center&#8221; position_text_color=&#8221;#FFFFFF&#8221; position_font_size=&#8221;16px&#8221; custom_margin=&#8221;||||false|false&#8221; custom_css_member_image=&#8221;  display: block;||  margin: auto;&#8221; border_radii_image=&#8221;on|150px|150px|150px|150px&#8221; border_width_all_image=&#8221;7px&#8221; border_color_all_image=&#8221;#0C71C3&#8243; border_width_bottom_image=&#8221;4px&#8221; border_color_bottom_image=&#8221;#FFFFFF&#8221; global_colors_info=&#8221;{}&#8221;][\/et_pb_team_member][\/et_pb_column][et_pb_column type=&#8221;1_3&#8243; _builder_version=&#8221;4.16&#8243; _module_preset=&#8221;default&#8221; global_colors_info=&#8221;{}&#8221;][et_pb_team_member name=&#8221;Catalina Bohorquez&#8221; position=&#8221;Presidente ii -The English School&#8221; image_url=&#8221;https:\/\/www.englishschool.edu.co\/TESMUN\/wp-content\/uploads\/2024\/03\/fotos-tesmun-xx_0039_CATALINA-BOHORQUEZ-min.jpg&#8221; _builder_version=&#8221;4.24.2&#8243; _module_preset=&#8221;default&#8221; header_font=&#8221;|||||on|||&#8221; header_text_align=&#8221;center&#8221; header_text_color=&#8221;#FFFFFF&#8221; header_font_size=&#8221;21px&#8221; position_font=&#8221;|||||on|||&#8221; position_text_align=&#8221;center&#8221; position_text_color=&#8221;#FFFFFF&#8221; position_font_size=&#8221;16px&#8221; custom_margin=&#8221;||||false|false&#8221; custom_css_member_image=&#8221;  display: block;||  margin: auto;&#8221; border_radii_image=&#8221;on|150px|150px|150px|150px&#8221; border_width_all_image=&#8221;7px&#8221; border_color_all_image=&#8221;#0C71C3&#8243; border_width_bottom_image=&#8221;4px&#8221; border_color_bottom_image=&#8221;#FFFFFF&#8221; global_colors_info=&#8221;{}&#8221;][\/et_pb_team_member][\/et_pb_column][\/et_pb_row][\/et_pb_section][et_pb_section fb_built=&#8221;1&#8243; _builder_version=&#8221;4.24.2&#8243; _module_preset=&#8221;default&#8221; background_color=&#8221;#FFFFFF&#8221; locked=&#8221;off&#8221; global_colors_info=&#8221;{}&#8221;][et_pb_row column_structure=&#8221;2_3,1_3&#8243; _builder_version=&#8221;4.16&#8243; _module_preset=&#8221;default&#8221; background_color=&#8221;RGBA(255,255,255,0)&#8221; global_colors_info=&#8221;{}&#8221;][et_pb_column type=&#8221;2_3&#8243; _builder_version=&#8221;4.16&#8243; _module_preset=&#8221;default&#8221; background_color=&#8221;RGBA(255,255,255,0)&#8221; background_enable_image=&#8221;off&#8221; global_colors_info=&#8221;{}&#8221;][et_pb_text _builder_version=&#8221;4.24.2&#8243; _module_preset=&#8221;default&#8221; text_font=&#8221;|700||on|||||&#8221; text_text_color=&#8221;#171f9b&#8221; text_font_size=&#8221;30px&#8221; header_text_color=&#8221;#171f9b&#8221; header_2_text_color=&#8221;#171f9b&#8221; header_3_text_color=&#8221;#171f9b&#8221; border_width_all=&#8221;1px&#8221; border_color_all=&#8221;RGBA(255,255,255,0)&#8221; border_style_all=&#8221;inset&#8221; locked=&#8221;off&#8221; global_colors_info=&#8221;{}&#8221;]<\/p>\n<p><span data-sheets-formula-bar-text-style=\"font-size:13px;color:#000000;font-weight:bold;text-decoration:none;font-family:'Arial';font-style:normal;text-decoration-skip-ink:none;\">FIFA 2<br \/><\/span><\/p>\n<p>[\/et_pb_text][et_pb_image src=&#8221;https:\/\/www.englishschool.edu.co\/TESMUN\/wp-content\/uploads\/2024\/03\/FIFA.png&#8221; title_text=&#8221;FIFA&#8221; _builder_version=&#8221;4.24.2&#8243; _module_preset=&#8221;default&#8221; hover_enabled=&#8221;0&#8243; global_colors_info=&#8221;{}&#8221; sticky_enabled=&#8221;0&#8243;][\/et_pb_image][\/et_pb_column][et_pb_column type=&#8221;1_3&#8243; _builder_version=&#8221;4.16&#8243; _module_preset=&#8221;default&#8221; background_color=&#8221;RGBA(255,255,255,0)&#8221; border_width_left=&#8221;2px&#8221; border_color_left=&#8221;#FFFFFF&#8221; global_colors_info=&#8221;{}&#8221;][et_pb_text _builder_version=&#8221;4.20.2&#8243; _module_preset=&#8221;default&#8221; text_font=&#8221;ABeeZee|800||||on|||&#8221; text_font_size=&#8221;16px&#8221; background_color=&#8221;RGBA(255,255,255,0)&#8221; background_image=&#8221;https:\/\/www.englishschool.edu.co\/TESMUN\/wp-content\/uploads\/2022\/03\/semicirculo03.png&#8221; border_color_all=&#8221;RGBA(255,255,255,0)&#8221; border_style_right=&#8221;ridge&#8221; global_colors_info=&#8221;{}&#8221;]<\/p>\n<h1 style=\"text-align: center;\"><span style=\"color: #000080;\"><\/span><\/h1>\n<h1 style=\"text-align: center;\"><span style=\"color: #000080;\"><\/span><\/h1>\n<h1 style=\"text-align: center;\"><span style=\"color: #000080;\">BOOTCAMP<\/span><\/h1>\n<p><span style=\"color: #000080;\"><\/span><\/p>\n<p><span style=\"color: #000080;\"><\/span><\/p>\n<p><span style=\"color: #000080;\"><\/span><\/p>\n<p><span style=\"color: #000080;\"><\/span><\/p>\n<p>[\/et_pb_text][et_pb_text _builder_version=&#8221;4.20.2&#8243; _module_preset=&#8221;default&#8221; text_font=&#8221;ABeeZee|700||on|||||&#8221; text_text_color=&#8221;#000000&#8243; text_font_size=&#8221;21px&#8221; background_color=&#8221;#FFFFFF&#8221; text_orientation=&#8221;center&#8221; custom_margin=&#8221;|20px||20px|false|false&#8221; custom_padding=&#8221;6px|20px|6px|2px|false|false&#8221; border_radii=&#8221;on|11px|11px|11px|11px&#8221; global_colors_info=&#8221;{}&#8221;]<\/p>\n<p><strong>Espa\u00f1ol<\/strong><\/p>\n<p>[\/et_pb_text][et_pb_text _builder_version=&#8221;4.24.2&#8243; _module_preset=&#8221;default&#8221; text_font=&#8221;ABeeZee|800|||||||&#8221; text_text_color=&#8221;#171f9b&#8221; text_font_size=&#8221;16px&#8221; header_text_color=&#8221;#171f9b&#8221; background_color=&#8221;RGBA(255,255,255,0)&#8221; custom_margin=&#8221;|10px||10px|false|false&#8221; custom_padding=&#8221;8px|10px||10px|false|false&#8221; inline_fonts=&#8221;ABeeZee&#8221; global_colors_info=&#8221;{}&#8221;]<\/p>\n<h3 style=\"text-align: center;\"><span style=\"color: #000080; font-family: ABeeZee;\"><strong>Tema A<\/strong><\/span><\/h3>\n<p style=\"text-align: center;\"><span style=\"color: #000080; font-family: ABeeZee;\"><strong><span style=\"font-size: 13px; font-weight: normal; text-decoration: none; font-style: normal; text-decoration-skip-ink: none;\">El Uso de esteroides en el f\u00fatbol<br \/><\/span><\/strong><\/span><\/p>\n<h3 style=\"text-align: center;\"><span style=\"color: #000080;\"><strong>Tema B<\/strong><\/span><\/h3>\n<p style=\"text-align: center;\"><span style=\"color: #ffffff;\"><strong><span style=\"color: #dbdbdb; font-family: ABeeZee;\"><span style=\"font-size: 13px; font-weight: normal; text-decoration: none; font-style: normal; text-decoration-skip-ink: none;\"><span style=\"color: #000080;\">La Creaci\u00f3n de una Super Liga Europea<\/span><br \/><\/span><\/span><\/strong><\/span><\/p>\n<p>[\/et_pb_text][\/et_pb_column][\/et_pb_row][et_pb_row column_structure=&#8221;1_3,1_3,1_3&#8243; _builder_version=&#8221;4.16&#8243; _module_preset=&#8221;default&#8221; border_width_top=&#8221;1px&#8221; border_color_top=&#8221;#FFFFFF&#8221; global_colors_info=&#8221;{}&#8221;][et_pb_column type=&#8221;1_3&#8243; _builder_version=&#8221;4.16&#8243; _module_preset=&#8221;default&#8221; global_colors_info=&#8221;{}&#8221;][et_pb_blurb title=&#8221;AUTORES GU\u00cdA&#8221; use_icon=&#8221;on&#8221; font_icon=&#8221;&#xe0b8;||divi||400&#8243; icon_color=&#8221;#171f9b&#8221; image_icon_background_color=&#8221;#FFFFFF&#8221; icon_placement=&#8221;left&#8221; image_icon_width=&#8221;47px&#8221; _builder_version=&#8221;4.24.2&#8243; header_font=&#8221;ABeeZee|500|||||||&#8221; header_text_color=&#8221;#171f9b&#8221; header_font_size=&#8221;18px&#8221; header_line_height=&#8221;1.7em&#8221; body_font=&#8221;ABeeZee|||||on|||&#8221; body_text_color=&#8221;#171f9b&#8221; body_font_size=&#8221;18px&#8221; body_line_height=&#8221;2em&#8221; custom_margin=&#8221;||18px|||&#8221; custom_padding=&#8221;14px|10px|0px|10px|false|true&#8221; animation_style=&#8221;zoom&#8221; animation_intensity_zoom=&#8221;10%&#8221; border_radii=&#8221;on|5px|5px|5px|5px&#8221; border_color_all=&#8221;#FFFFFF&#8221; border_width_top=&#8221;10px&#8221; icon_font_size=&#8221;47px&#8221; locked=&#8221;off&#8221; global_colors_info=&#8221;{}&#8221;][\/et_pb_blurb][et_pb_text _builder_version=&#8221;4.24.2&#8243; _module_preset=&#8221;default&#8221; text_font=&#8221;|||||on|||&#8221; text_font_size=&#8221;18px&#8221; custom_margin=&#8221;|||64px|false|false&#8221; global_colors_info=&#8221;{}&#8221;]<span style=\"color: #333399;\">Juan Pablo Soto e Isabela Ramos<\/span>[\/et_pb_text][et_pb_blurb use_icon=&#8221;on&#8221; font_icon=&#8221;&#x3f;||divi||400&#8243; icon_color=&#8221;#171f9b&#8221; image_icon_background_color=&#8221;#FFFFFF&#8221; icon_placement=&#8221;left&#8221; image_icon_width=&#8221;47px&#8221; _builder_version=&#8221;4.24.2&#8243; header_font=&#8221;ABeeZee|500|||||||&#8221; header_text_color=&#8221;#171f9b&#8221; header_font_size=&#8221;18px&#8221; header_line_height=&#8221;1.7em&#8221; body_font=&#8221;ABeeZee|||||on|||&#8221; body_text_color=&#8221;#171f9b&#8221; body_font_size=&#8221;18px&#8221; body_line_height=&#8221;2em&#8221; custom_margin=&#8221;|||&#8221; custom_padding=&#8221;14px|10px|0px|10px|false|true&#8221; animation_style=&#8221;zoom&#8221; animation_intensity_zoom=&#8221;10%&#8221; border_radii=&#8221;on|5px|5px|5px|5px&#8221; border_color_all=&#8221;#FFFFFF&#8221; border_width_top=&#8221;10px&#8221; icon_font_size=&#8221;47px&#8221; locked=&#8221;off&#8221; global_colors_info=&#8221;{}&#8221;]<\/p>\n<p style=\"text-align: left; line-height: 1em; margin-top: 8px;\">DESCARGAR<br \/><span style=\"font-size: 16px;\">DOWNLOAD<\/span><\/p>\n<p>[\/et_pb_blurb][et_pb_image src=&#8221;https:\/\/www.englishschool.edu.co\/TESMUN\/wp-content\/uploads\/2021\/02\/guia2.png&#8221; title_text=&#8221;guia2&#8243; url=&#8221;https:\/\/www.englishschool.edu.co\/TESMUN\/wp-content\/uploads\/2024\/03\/FIFA.pdf&#8221; url_new_window=&#8221;on&#8221; align=&#8221;center&#8221; _builder_version=&#8221;4.24.2&#8243; _module_preset=&#8221;default&#8221; custom_margin=&#8221;0px||6px||false|false&#8221; global_colors_info=&#8221;{}&#8221;][\/et_pb_image][\/et_pb_column][et_pb_column type=&#8221;1_3&#8243; _builder_version=&#8221;4.16&#8243; _module_preset=&#8221;default&#8221; global_colors_info=&#8221;{}&#8221;][et_pb_team_member name=&#8221;Jer\u00f3nimo Fl\u00f3rez&#8221; position=&#8221;Presidente I &#8211; Colegio Retos&#8221; image_url=&#8221;https:\/\/www.englishschool.edu.co\/TESMUN\/wp-content\/uploads\/2024\/03\/fotos-tesmun-xx_0036_JERONIMO-FLOREZ-min.jpg&#8221; _builder_version=&#8221;4.24.2&#8243; _module_preset=&#8221;default&#8221; header_font=&#8221;|||||on|||&#8221; header_text_align=&#8221;center&#8221; header_text_color=&#8221;#171f9b&#8221; header_font_size=&#8221;21px&#8221; position_font=&#8221;|||||on|||&#8221; position_text_align=&#8221;center&#8221; position_text_color=&#8221;#171f9b&#8221; position_font_size=&#8221;16px&#8221; custom_margin=&#8221;||||false|false&#8221; custom_css_member_image=&#8221;  display: block;||  margin: auto;&#8221; border_radii_image=&#8221;on|150px|150px|150px|150px&#8221; border_width_all_image=&#8221;7px&#8221; border_color_all_image=&#8221;#0C71C3&#8243; border_width_bottom_image=&#8221;4px&#8221; border_color_bottom_image=&#8221;#FFFFFF&#8221; global_colors_info=&#8221;{}&#8221;][\/et_pb_team_member][\/et_pb_column][et_pb_column type=&#8221;1_3&#8243; _builder_version=&#8221;4.16&#8243; _module_preset=&#8221;default&#8221; global_colors_info=&#8221;{}&#8221;][et_pb_team_member name=&#8221;Isabela Ramos&#8221; position=&#8221;Presidente II -The English School&#8221; image_url=&#8221;https:\/\/www.englishschool.edu.co\/TESMUN\/wp-content\/uploads\/2024\/03\/fotos-tesmun-xx_0037_ISABELA-RAMOS-min.jpg&#8221; _builder_version=&#8221;4.24.2&#8243; _module_preset=&#8221;default&#8221; header_font=&#8221;|||||on|||&#8221; header_text_align=&#8221;center&#8221; header_text_color=&#8221;#171f9b&#8221; header_font_size=&#8221;21px&#8221; position_font=&#8221;|||||on|||&#8221; position_text_align=&#8221;center&#8221; position_text_color=&#8221;#171f9b&#8221; position_font_size=&#8221;16px&#8221; custom_margin=&#8221;||||false|false&#8221; custom_css_member_image=&#8221;  display: block;||  margin: auto;&#8221; border_radii_image=&#8221;on|150px|150px|150px|150px&#8221; border_width_all_image=&#8221;7px&#8221; border_color_all_image=&#8221;#0C71C3&#8243; border_width_bottom_image=&#8221;4px&#8221; border_color_bottom_image=&#8221;#FFFFFF&#8221; global_colors_info=&#8221;{}&#8221;][\/et_pb_team_member][\/et_pb_column][\/et_pb_row][\/et_pb_section]<\/p>\n","protected":false},"excerpt":{"rendered":"<p>Comit\u00e9 Bootcamp &#8211; Bootcamp CommitteeFIFA 1 BOOTCAMP Espa\u00f1olTema A El Uso de esteroides en el f\u00fatbol Tema B La Creaci\u00f3n de una Super Liga Europea Juan Pablo Soto e Isabela RamosDESCARGAR DOWNLOADFIFA 2 BOOTCAMP Espa\u00f1olTema A El Uso de esteroides en el f\u00fatbol Tema B La Creaci\u00f3n de una Super Liga EuropeaJuan Pablo Soto e [&hellip;]<\/p>\n","protected":false},"author":2,"featured_media":0,"parent":0,"menu_order":0,"comment_status":"closed","ping_status":"closed","template":"","meta":{"_et_pb_use_builder":"on","_et_pb_old_content":"","_et_gb_content_width":"","footnotes":""},"class_list":["post-950","page","type-page","status-publish","hentry"],"_links":{"self":[{"href":"https:\/\/www.englishschool.edu.co\/TESMUN\/wp-json\/wp\/v2\/pages\/950","targetHints":{"allow":["GET"]}}],"collection":[{"href":"https:\/\/www.englishschool.edu.co\/TESMUN\/wp-json\/wp\/v2\/pages"}],"about":[{"href":"https:\/\/www.englishschool.edu.co\/TESMUN\/wp-json\/wp\/v2\/types\/page"}],"author":[{"embeddable":true,"href":"https:\/\/www.englishschool.edu.co\/TESMUN\/wp-json\/wp\/v2\/users\/2"}],"replies":[{"embeddable":true,"href":"https:\/\/www.englishschool.edu.co\/TESMUN\/wp-json\/wp\/v2\/comments?post=950"}],"version-history":[{"count":13,"href":"https:\/\/www.englishschool.edu.co\/TESMUN\/wp-json\/wp\/v2\/pages\/950\/revisions"}],"predecessor-version":[{"id":1103,"href":"https:\/\/www.englishschool.edu.co\/TESMUN\/wp-json\/wp\/v2\/pages\/950\/revisions\/1103"}],"wp:attachment":[{"href":"https:\/\/www.englishschool.edu.co\/TESMUN\/wp-json\/wp\/v2\/media?parent=950"}],"curies":[{"name":"wp","href":"https:\/\/api.w.org\/{rel}","templated":true}]}}